{"id":1049,"date":"2024-05-06T15:42:35","date_gmt":"2024-05-06T08:42:35","guid":{"rendered":"http:\/\/localhost\/wordpress\/?page_id=1049"},"modified":"2024-06-03T09:55:07","modified_gmt":"2024-06-03T02:55:07","slug":"about","status":"publish","type":"page","link":"https:\/\/www.digiprovn.vn\/vi\/about\/","title":{"rendered":"V\u1ec1 ch\u00fang t\u00f4i"},"content":{"rendered":"<div data-elementor-type=\"wp-page\" data-elementor-id=\"1049\" class=\"elementor elementor-1049\">\n\t\t\t\t<div class=\"elementor-element elementor-element-8034f92 e-con-full e-flex e-con e-parent\" data-id=\"8034f92\" data-element_type=\"container\" data-core-v316-plus=\"true\">\n\t\t\t\t<div class=\"elementor-element elementor-element-fbe79ea elementor-widget elementor-widget-html\" data-id=\"fbe79ea\" data-element_type=\"widget\" data-widget_type=\"html.default\">\n\t\t\t\t<div class=\"elementor-widget-container\">\n\t\t\t<style>\n    .div-about{\n        margin: 20px auto;\n    }\n    .div-about h2{\n        color: #0C78AB;\n        text-align: center;\n        font-size: 36px;\n    }\n    .div-about > p{\n        width: 910px;\n        text-align: center;\n        margin: 40px auto;\n        font-size: 20px;\n    }\n    .section-about-us{\n        margin-top: 40px;\n    }\n    .about-us-content{\n        display: flex;\n        flex-direction: row;\n        align-items: center;\n        justify-content: center;\n        gap: 40px;\n    }\n    .content-left{\n        width: 50%;\n    }\n    .content-img{\n        width: 50%;\n    }\n    .content-left p{\n        margin: 0;\n        font-size: 22px;\n        width: unset;\n        text-align: left;\n        text-indent: 2em; \/* \u0110\u1eb7t th\u1ee5t v\u00e0o \u0111\u1ea7u d\u00f2ng l\u00e0 1em *\/\n    }\n    .six-panels{\n        display: flex;\n        flex-wrap: wrap;\n        gap:40px;\n        margin-top: 80px;\n        justify-content: center;\n    }\n    .panels-item{\n        width: 30%;\n        display: flex;\n        flex-direction: column;\n        align-items: center;\n        padding: 10px 20px;\n    }\n    .panels-item img{\n        width: 75px;\n        height: 75px;\n    }\n    .panels-item h4{\n        color: #0C78AB;\n        font-size: 24px;\n        text-align: center;\n    }\n    .panels-item p{\n        text-align: center;\n        font-size: 16px;\n    }\n    .showinvietnam{display: none;}\n    .hideinvietnam{display: block;}\n<\/style>\n<div class=\"div-about wrap-container\">\n    <h2>V\u1ec1 ch\u00fang t\u00f4i<\/h2>\n    <p>Doanh nghi\u1ec7p ng\u00e0y nay h\u01b0\u01a1\u0301ng \u0111\u00ea\u0301n la\u0300m vi\u1ec7c hi\u1ec7u qua\u0309. DigiPro t\u1ed1i \u01b0u h\u00f3a c\u00e1c ho\u1ea1t \u0111\u1ed9ng, gi\u1ea3m thi\u1ec3u th\u1eddi gian ng\u1eebng ho\u1ea1t \u0111\u1ed9ng \u0111\u1ec3 gi\u1eef ho\u1ea1t \u0111\u1ed9ng cho doanh nghi\u1ec7p lu\u00f4n li\u1ec1n m\u1ea1ch.<\/p>\n    <hr>\n    <div class=\"section-about-us\">\n        <h2 class=\"hideinvietnam\" style=\"text-align:left\">V\u1ec1 ch\u00fang t\u00f4i<\/h2>\n        <h2 class=\"showinvietnam\" style=\"text-align:left\">Th\u00f4ng tin<\/h2>\n        <div class=\"about-us-content\">\n            <div class=\"content-left\">\n                <p>Th\u00e0nh l\u1eadp v\u00e0o n\u0103m 2010, C\u00f4ng ty M\u1ed9t Tha\u0300nh Vi\u00ean TNHH D\u1ecbch v\u1ee5 s\u1ed1 Chuy\u00ean Nghi\u1ec7p DigiPro t\u1ef1 h\u00e0o l\u00e0 Nh\u00e0 Cung c\u1ea5p D\u1ecbch v\u1ee5 B\u1ea3o h\u00e0nh Dell duy nh\u1ea5t t\u1ea1i Vi\u1ec7t Nam.  DigiPro cung c\u1ea5p m\u1ed9t B\u1ed9 Tu\u0300y ch\u1ecdn H\u00f4\u0303 tr\u01a1\u0323 To\u00e0n di\u1ec7n \u0111\u00ea\u0309 ch\u0103m so\u0301c cho thi\u1ebft b\u1ecb Dell c\u1ee7a quy\u0301 vi\u0323 ho\u1ea1t \u0111\u1ed9ng tr\u01a1n tru. DigiPro co\u0301 ca\u0301c trung t\u00e2m ch\u0103m so\u0301c kha\u0301ch ha\u0300ng \u01a1\u0309 b\u1ed1n th\u00e0nh ph\u1ed1 l\u1edbn (Th\u00e0nh ph\u1ed1 H\u1ed3 Ch\u00ed Minh, H\u00e0 N\u1ed9i, \u0110\u00e0 N\u1eb5ng, C\u1ea7n Th\u01a1) v\u00e0 g\u00e2\u0300n 100 k\u1ef9 s\u01b0 co\u0301 b\u0103\u0300ng c\u00e2\u0301p \u1edf toa\u0300n b\u00f4\u0323 63 t\u1ec9nh th\u00e0nh tr\u00ean to\u00e0n qu\u1ed1c.<\/p>\n                <p>G\u00f3i B\u1ea3o h\u00e0nh c\u1ee7a ch\u00fang t\u00f4i bao g\u1ed3m D\u1ecbch v\u1ee5 Mang \u0111\u00ea\u0301n Tr\u01b0\u0323c ti\u00ea\u0301p (mang thi\u1ebft b\u1ecb \u0111\u1ebfn trung t\u00e2m ba\u0309o ha\u0300nh v\u1edbi ch\u00fang t\u00f4i), D\u1ecbch v\u1ee5 T\u1ea1i ch\u1ed7 (ch\u00fang t\u00f4i \u0111\u1ebfn ch\u00f4\u0303 la\u0300m vi\u1ec7c cu\u0309a quy\u0301 vi\u0323), ProSupport (G\u00f3i B\u1ea3o h\u00e0nh Cao c\u1ea5p c\u1ee7a Dell) v\u00e0 ProDeploy (Go\u0301i c\u00e0i \u0111\u1eb7t, c\u1ea5u h\u00ecnh v\u00e0 t\u00edch h\u1ee3p m\u00e1y ch\u1ee7, thi\u00ea\u0301t bi\u0323 l\u01b0u tr\u1eef v\u00e0 thi\u1ebft b\u1ecb m\u1ea1ng Dell cho quy\u0301 vi\u0323).<\/p>\n                <p>DigiPro nh\u1eadn \u0111\u01b0\u01a1\u0323c Ch\u1ee9ng nh\u1eadn ISO 20000: 2011 \"D\u00f4\u0301c lo\u0300ng vi\u0300 S\u01b0\u0323 Hoa\u0300n Ha\u0309o\", \u0111\u1ea3m b\u1ea3o h\u1ec7 th\u1ed1ng qu\u1ea3n l\u00fd d\u1ecbch v\u1ee5 CNTT \u0111\u1eb3ng c\u1ea5p th\u1ebf gi\u1edbi. \u0110o\u0301 la\u0300 D\u1ecbch v\u1ee5 kh\u00e1ch h\u00e0ng xu\u1ea5t s\u1eafc, v\u1eadn ha\u0300nh hi\u1ec7u qu\u1ea3 v\u00e0 cu\u1ed1i c\u00f9ng l\u00e0 Tr\u1ea3i nghi\u1ec7m V\u00f4 \u01b0u da\u0300nh cho quy\u0301 vi\u0323.<\/p>\n            <\/div>\n            <div class=\"content-img\">\n                <img decoding=\"async\" src=\"\/wp-content\/uploads\/2024\/05\/19e0bfd4-d78d-4e0c-97f3-4fac83749690-1.png\" \/>\n            <\/div>\n            \n        <\/div>\n    <\/div>\n    <div class=\"six-panels\">\n        <div class=\"panels-item\">\n            <img decoding=\"async\" src=\"\/wp-content\/uploads\/2024\/05\/expert-1.png\" \/>\n            <h4>H\u01b0\u1edbng d\u1eabn c\u1ee7a chuy\u00ean gia<\/h4>\n            <p>Nh\u00e2n vi\u00ean h\u1ed7 tr\u1ee3 kh\u00e1ch h\u00e0ng \u0111\u00e2\u0300y th\u00e2n thi\u1ec7n v\u00e0 hi\u1ec3u bi\u1ebft c\u1ee7a ch\u00fang t\u00f4i se\u0303 tr\u1ea3 l\u1eddi mo\u0323i c\u00e2u h\u1ecfi c\u1ee7a quy\u0301 vi\u0323 v\u00e0 chi\u0309 d\u1eabn quy\u0301 vi\u0323 th\u01b0\u0323c hi\u00ea\u0323n quy tr\u00ecnh b\u1ea3o h\u00e0nh, t\u1eeb khi g\u1eedi y\u00eau c\u1ea7u cho \u0111\u00ea\u0301n khi s\u01b0\u0309a xong.<\/p>\n        <\/div>\n        <div class=\"panels-item\">\n            <img decoding=\"async\" src=\"\/wp-content\/uploads\/2024\/05\/labor-1.png\" \/>\n            <h4>K\u1ef9 s\u01b0 l\u00e0nh ngh\u1ec1<\/h4>\n            <p>\u0110\u1ed9i ng\u0169 k\u1ef9 s\u01b0 gi\u00e0u kinh nghi\u1ec7m va\u0300 gio\u0309i ngh\u00ea\u0300 cu\u0309a chu\u0301ng t\u00f4i hi\u00ea\u0309u bi\u00ea\u0301t v\u00e0 tinh th\u00f4ng chuy\u00ean ch\u1ea9n \u0111o\u00e1n v\u00e0 s\u1eeda ch\u1eefa s\u1ea3n ph\u1ea9m Dell nhanh v\u00e0 hi\u1ec7u qu\u1ea3.<\/p>\n        <\/div>\n        \n        <div class=\"panels-item\">\n            <img decoding=\"async\" src=\"\/wp-content\/uploads\/2024\/05\/genuine-1.png\" \/>\n            <h4>Linh ki\u1ec7n ch\u00ednh h\u00e3ng<\/h4>\n            <p>Ch\u00fang t\u00f4i ch\u1ec9 s\u1eed d\u1ee5ng linh ki\u1ec7n Dell ch\u00ednh h\u00e3ng \u0111\u1ec3 \u0111a\u0309m ba\u0309o cho thi\u00ea\u0301t bi\u0323 cu\u0309a quy\u0301 vi\u0323 v\u1eadn ha\u0300nh \u00f4\u0309n \u0111i\u0323nh va\u0300 t\u00f4\u0301i \u01b0u.<\/p>\n        <\/div>\n        <div class=\"panels-item\">\n            <img decoding=\"async\" src=\"\/wp-content\/uploads\/2024\/05\/fast-1.png\" \/>\n            <h4>Th\u1eddi gian ng\u1eebng ho\u1ea1t \u0111\u1ed9ng ng\u1eafn nh\u1ea5t<\/h4>\n            <p>Ch\u00fang t\u00f4i t\u1ed1i \u01b0u h\u00f3a quy tr\u00ecnh b\u1ea3o h\u00e0nh \u0111\u1ec3 gi\u1ea3m thi\u1ec3u th\u1eddi gian ng\u1eebng ho\u1ea1t \u0111\u1ed9ng. Ha\u0303y g\u1eedi y\u00eau c\u1ea7u s\u01b0\u0309a ch\u01b0\u0303a, theo d\u00f5i v\u00e0 nh\u1eadn th\u00f4ng tin c\u1eadp nh\u1eadt - t\u1ea5t c\u1ea3 \u0111\u1ec1u tr\u00ean ma\u0323ng ho\u1eb7c qua \u0111\u1ed9i ng\u0169 ch\u0103m s\u00f3c kh\u00e1ch h\u00e0ng t\u1eadn tu\u0323y c\u1ee7a ch\u00fang t\u00f4i.<\/p>\n        <\/div>\n        <div class=\"panels-item\">\n            <img decoding=\"async\" src=\"\/wp-content\/uploads\/2024\/05\/customer-care-1.png\" \/>\n            <h4>D\u1ecbch v\u1ee5 Ch\u0103m s\u00f3c Kh\u00e1ch h\u00e0ng T\u1eadn t\u1ee5y<\/h4>\n            <p>Di\u0323ch vu\u0323 Ch\u0103m so\u0301c Chuy\u00ean tra\u0301ch c\u1ee7a DigiPro se\u0303 chi\u0309 \u0111i\u0323nh chuy\u00ean gia c\u00f4ng ngh\u1ec7 chuy\u00ean bi\u1ec7t \u0111\u00ea\u0309 ch\u00e2\u0309n \u0111o\u00e1n l\u00f4\u0303i thi\u1ebft b\u1ecb, ch\u1ee7 \u0111\u1ed9ng \u0111\u01b0a ra c\u00e1ch gi\u1ea3i quy\u00ea\u0301t v\u00e0 tha\u0309o lu\u1eadn \u0111\u01a1n gia\u0309n \u0111\u00ea\u0309 ti\u00ea\u0301n ha\u0300nh s\u01b0\u0309a ch\u01b0\u0303a nhanh.<\/p>\n        <\/div>\n        \n    <\/div>\n<\/div>\n<script>\n    jQuery(function($){\n        var location = window.location.href;\n        if(location.indexOf(\"\/vi\/\") != -1){\n            \/\/$(\".panels-item h4\").css(\"height\",\"58px\");\n            \/\/$(\".panels-item h4\").css(\"margin-bottom\",\"0\");\n            $(\".hideinvietnam\").hide();\n            $(\".showinvietnam\").show();\n        }\n    })\n<\/script>\t\t<\/div>\n\t\t\t\t<\/div>\n\t\t\t\t<\/div>\n\t\t\t\t<\/div>","protected":false},"excerpt":{"rendered":"<p>Our Mission Today&#8217;s business thrives on efficiency. DigiPro streamlines operations, minimizing downtime to keep you running smoothly. About Us Th\u00f4ng tin Founded in 2010, DigiPro Specialized Service One Member Limited Company is a proud the sole provider of Dell warranty services in Vietnam, DigiPro offers a comprehensive suite of options to keep your Dell devices [&hellip;]<\/p>","protected":false},"author":1,"featured_media":0,"parent":0,"menu_order":0,"comment_status":"closed","ping_status":"closed","template":"","meta":{"footnotes":""},"class_list":["post-1049","page","type-page","status-publish","hentry"],"_links":{"self":[{"href":"https:\/\/www.digiprovn.vn\/vi\/wp-json\/wp\/v2\/pages\/1049","targetHints":{"allow":["GET"]}}],"collection":[{"href":"https:\/\/www.digiprovn.vn\/vi\/wp-json\/wp\/v2\/pages"}],"about":[{"href":"https:\/\/www.digiprovn.vn\/vi\/wp-json\/wp\/v2\/types\/page"}],"author":[{"embeddable":true,"href":"https:\/\/www.digiprovn.vn\/vi\/wp-json\/wp\/v2\/users\/1"}],"replies":[{"embeddable":true,"href":"https:\/\/www.digiprovn.vn\/vi\/wp-json\/wp\/v2\/comments?post=1049"}],"version-history":[{"count":122,"href":"https:\/\/www.digiprovn.vn\/vi\/wp-json\/wp\/v2\/pages\/1049\/revisions"}],"predecessor-version":[{"id":3252,"href":"https:\/\/www.digiprovn.vn\/vi\/wp-json\/wp\/v2\/pages\/1049\/revisions\/3252"}],"wp:attachment":[{"href":"https:\/\/www.digiprovn.vn\/vi\/wp-json\/wp\/v2\/media?parent=1049"}],"curies":[{"name":"wp","href":"https:\/\/api.w.org\/{rel}","templated":true}]}}