{"id":1179,"date":"2024-05-07T09:20:15","date_gmt":"2024-05-07T02:20:15","guid":{"rendered":"http:\/\/localhost\/wordpress\/?page_id=1179"},"modified":"2024-07-16T11:34:36","modified_gmt":"2024-07-16T04:34:36","slug":"pro-support-infrastructure-suite","status":"publish","type":"page","link":"https:\/\/www.digiprovn.vn\/vi\/pro-support-infrastructure-suite\/","title":{"rendered":"Pro Support Infrastructure Suite"},"content":{"rendered":"<div data-elementor-type=\"wp-page\" data-elementor-id=\"1179\" class=\"elementor elementor-1179\">\n\t\t\t\t<div class=\"elementor-element elementor-element-a4d15f1 e-con-full e-flex e-con e-parent\" data-id=\"a4d15f1\" data-element_type=\"container\" data-core-v316-plus=\"true\">\n\t\t\t\t<div class=\"elementor-element elementor-element-3f66e62 elementor-widget elementor-widget-html\" data-id=\"3f66e62\" data-element_type=\"widget\" data-widget_type=\"html.default\">\n\t\t\t\t<div class=\"elementor-widget-container\">\n\t\t\t<style>\n    .div-it-infrastructure{\n        margin: 20px auto;\n    }\n    .div-it-infrastructure > h2{\n        color: #0C78AB;\n        text-align: center;\n        font-size: 36px;\n    }\n    .div-it-infrastructure > p{\n        text-align: center;\n        width: 966px;\n        margin: 40px auto;\n        font-size: 20px;\n    }\n    .six-panels{\n        display: flex;\n        flex-wrap: wrap;\n        gap:40px;\n        margin-top: 80px;\n    }\n    .panels-item{\n        width: 30%;\n        display: flex;\n        flex-direction: column;\n        align-items: center;\n    }\n    .panels-item img{\n        width: 75px;\n        height: 75px;\n    }\n    .panels-item h4{\n        color: #0C78AB;\n    }\n    .panels-item p{\n        text-align: center;\n        font-size: 16px;\n    }\n    .three-panels{\n        display: flex;\n        gap:60px;\n        margin: 80px auto;\n        justify-content: center;\n    }\n    .three-panels .item{\n        width: 30%;\n        display: flex;\n        flex-direction: column;\n        align-items: center;\n    }\n    .three-panels .item h3{\n        color: #fff;\n        padding: 15px 50px;\n        font-size: 24px;\n        width: 100%;\n        text-align: center;\n        margin-top: 0;\n    }\n    .three-panels .item h3.ps{\n        background-color: #41B6E6;\n    }\n    .three-panels .item h3.psp{\n        background-color: #007BC2;\n    }\n    .three-panels .item h3.aos{\n        background-color: #FFC000;\n    }\n    .three-panels .item p{\n        text-align: center;\n        font-size: 20px;\n    }\n    .btnLearnMore{\n        display: flex;\n        justify-content: center;\n    }\n    .btnLearnMore a{\n        background-color: #0C78AB;\n        color: #fff;\n        text-decoration: none;\n        padding: 10px 25px;\n        border-radius: 30px;\n    }\n    table thead tr td:not(:nth-child(1)){\n        text-align: center;\n        color:#fff;\n        border: 1px solid #fff;\n        vertical-align: middle;\n    }\n    table thead tr td:nth-child(1){\n        border: none;\n        border-top: none!important;\n    }\n    table thead tr td h4{\n        margin:0;\n        color:#0672CB;\n    }\n    table tr td:nth-child(2),table tbody tr td:nth-child(2){\n        background-color: #7E7E7E;\n    }\n    table tr td:nth-child(3),table tbody tr td:nth-child(3){\n        background-color: #41B6E6;\n    }\n    table tr td:nth-child(4),table tbody tr td:nth-child(4){\n        background-color: #007BC2;\n    }\n    table tbody tr td{\n        border-left: 1px solid #fff;\n        border-right: 1px solid #fff;\n        height: 37px;\n        vertical-align: middle;\n    }\n    table tbody tr td:not(:nth-child(1)){\n        color:#fff;\n        text-align: center;\n        border: 1px solid #fff;\n    }\n    table tbody tr.mid td{\n        background-color: #FFC000;\n        font-weight: bold;\n        font-size: 18px;\n    }\n<\/style>\n<div class=\"div-it-infrastructure wrap-container\">\n    <h2>D\u1ecbch v\u1ee5 B\u1ea3o h\u00e0nh cao c\u1ea5p cho h\u1ea1 t\u1ea7ng (CNTT)<\/h2>\n    <p>\nH\u1ec7 th\u1ed1ng c\u1ee7a Kh\u00e1ch h\u00e0ng s\u1ebd \u0111\u01b0\u1ee3c h\u1ed7 tr\u1ee3 to\u00e0n di\u1ec7n v\u1ec1 ph\u1ea7n c\u1ee9ng v\u00e0 ph\u1ea7n m\u1ec1m b\u1edfi c\u00e1c chuy\u00ean gia \u0111\u01b0\u1ee3c Dell \u0111\u00e0o t\u1ea1o<\/p>\n    <div style=\"margin:40px auto\">\n        <img decoding=\"async\" width=\"100%\" src=\"\/wp-content\/uploads\/2024\/05\/340-1.png\" \/>\n    <\/div>\n    <div class=\"three-panels\">\n        <div class=\"item\">\n            <h3 class=\"ps\">ProSupport<\/h3>\n            <p>Khi ch\u1ecdn ProSupport for Infrastructure, ca\u0301c chuy\u00ean gia cao c\u00e2\u0301p tr\u00ean toa\u0300n th\u00ea\u0301 gi\u01a1\u0301i se\u0303 li\u00ean tu\u0323c h\u00f4\u0303 tr\u1ee3 quy\u0301 vi\u0323 mo\u0323i m\u0103\u0323t c\u1ea3 ph\u1ea7n c\u1ee9ng l\u00e2\u0303n ph\u1ea7n m\u1ec1m.<\/p>\n        <\/div>\n        <div class=\"item\">\n            <h3 class=\"psp\">ProSupport Plus<\/h3>\n            <p>ProSupport Plus for Infrastructure l\u00e0 gi\u1ea3i ph\u00e1p hoa\u0300n ha\u0309o da\u0300nh cho quy\u0301 kha\u0301ch mu\u00f4\u0301n c\u00e1c thi\u1ebft b\u1ecb phu\u0323c vu\u0323 vi\u00ea\u0323c kinh doanh c\u01b0\u0323c ky\u0300 quan tro\u0323ng cu\u0309a c\u00f4ng ty \u0111\u01b0\u01a1\u0323c ba\u0309o d\u01b0\u01a1\u0303ng \u0111i\u0323nh ky\u0300 ng\u0103n ng\u01b0\u0300a ho\u0309ng ho\u0301c va\u0300 n\u0103ng su\u00e2\u0301t t\u00f4\u0301i \u01b0u.<\/p>\n        <\/div>\n        <div class=\"item\">\n            <h3 class=\"aos\">Add-On Service<\/h3>\n            <p>D\u1ecbch v\u1ee5 t\u00f9y ch\u1ecdn nh\u1eb1m h\u1ed7 tr\u1ee3 Kh\u00e1ch h\u00e0ng c\u00e1 nh\u00e2n h\u00f3a y\u00eau c\u1ea7u, t\u0103ng c\u01b0\u1eddng b\u1ea3o m\u1eadt d\u1eef li\u1ec7u v\u00e0 \u0111\u01b0\u1ee3c h\u1ed7 tr\u1ee3 t\u1ea1i ch\u1ed7 hay h\u1ed7 tr\u1ee3 t\u1eeb xa.<\/p>\n        <\/div>\n    <\/div>\n    <div style=\"overflow-x:auto\">\n        <table>\n        <thead>\n            <tr>\n                <td><h4>D\u1ecbch v\u1ee5 B\u1ea3o h\u00e0nh cao c\u1ea5p cho h\u1ea1 t\u1ea7ng (CNTT)<\/h4><\/td>\n                <td>Basic Hardware Support<\/td>\n                <td>ProSupport<\/td>\n                <td>ProSupport Plus<\/td>\n            <\/tr>\n        <\/thead>\n        <tbody>\n            <tr>\n                <td>Kh\u1ea3 n\u0103ng v\u00e0 m\u1ee5c ti\u00eau ph\u1ea3n h\u1ed3i c\u1ee7a h\u1ed7 tr\u1ee3 k\u1ef9 thu\u1eadt.<\/td>\n                <td>9\/5, Ngay l\u1eadp t\u1ee9c<\/td>\n                <td>24\/7 Ngay l\u1eadp t\u1ee9c<\/td>\n                <td>24\/7, Ngay l\u1eadp t\u1ee9c<\/td>\n            <\/tr>\n            <tr>\n                <td>S\u1ea3n ph\u1ea9m \u0111\u01b0\u1ee3c b\u1ea3o h\u00e0nh<\/td>\n                <td>Ph\u1ea7n c\u1ee9ng<\/td>\n                <td>Ph\u1ea7n c\u1ee9ng &amp; Ph\u1ea7n m\u1ec1m<\/td>\n                <td>Ph\u1ea7n c\u1ee9ng &amp; Ph\u1ea7n m\u1ec1m<\/td>\n            <\/tr>\n            <tr>\n                <td>Ph\u1ea3n h\u1ed3i t\u1ea1i ch\u1ed7<\/td>\n                <td>Ng\u00e0y l\u00e0m vi\u1ec7c ti\u1ebfp theo (NBD)<\/td>\n                <td>NBD ho\u1eb7c 4 gi\u1edd<\/td>\n                <td>4 gi\u1edd<\/td>\n            <\/tr>\n            <tr>\n                <td>N\u1ec1n t\u1ea3ng ProSupport AIOps<\/td>\n                <td><img decoding=\"async\" src=\"\/wp-content\/uploads\/2024\/07\/shape4.png\" \/><\/td>\n                <td><img decoding=\"async\" src=\"\/wp-content\/uploads\/2024\/07\/shape4.png\" \/><\/td>\n                <td><img decoding=\"async\" src=\"\/wp-content\/uploads\/2024\/07\/shape4.png\" \/><\/td>\n            <\/tr>\n            <tr>\n                <td>C\u1ea3nh b\u00e1o B\u1ea3o m\u1eadt Dell<\/td>\n                <td><img decoding=\"async\" src=\"\/wp-content\/uploads\/2024\/07\/shape4.png\" \/><\/td>\n                <td><img decoding=\"async\" src=\"\/wp-content\/uploads\/2024\/07\/shape4.png\" \/><\/td>\n                <td><img decoding=\"async\" src=\"\/wp-content\/uploads\/2024\/07\/shape4.png\" \/><\/td>\n            <\/tr>\n            <tr>\n                <td>Ch\u1ee7 \u0111\u1ed9ng ph\u00e1t hi\u1ec7n v\u1ea5n \u0111\u1ec1 v\u1edbi t\u00ednh n\u0103ng t\u1ea1o tr\u01b0\u1eddng h\u1ee3p t\u1ef1 \u0111\u1ed9ng<\/td>\n                <td><img decoding=\"async\" src=\"\/wp-content\/uploads\/2024\/07\/shape4.png\" \/><\/td>\n                <td><img decoding=\"async\" src=\"\/wp-content\/uploads\/2024\/07\/shape4.png\" \/><\/td>\n                <td><img decoding=\"async\" src=\"\/wp-content\/uploads\/2024\/07\/shape4.png\" \/><\/td>\n            <\/tr>\n            <tr>\n                <td>D\u1ef1 \u0111o\u00e1n, ph\u00e1t hi\u1ec7n b\u1ea5t th\u01b0\u1eddng ph\u1ea7n c\u1ee9ng<\/td>\n                <td><\/td>\n                <td><img decoding=\"async\" src=\"\/wp-content\/uploads\/2024\/07\/shape4.png\" \/><\/td>\n                <td><img decoding=\"async\" src=\"\/wp-content\/uploads\/2024\/07\/shape4.png\" \/><\/td>\n            <\/tr>\n            <tr>\n                <td>Truy c\u1eadp v\u00e0o c\u00e1c b\u1ea3n c\u1eadp nh\u1eadt ph\u1ea7n m\u1ec1m<\/td>\n                <td><\/td>\n                <td><img decoding=\"async\" src=\"\/wp-content\/uploads\/2024\/07\/shape4.png\" \/><\/td>\n                <td><img decoding=\"async\" src=\"\/wp-content\/uploads\/2024\/07\/shape4.png\" \/><\/td>\n            <\/tr>\n            <tr>\n                <td>\u0110\u00e1nh gi\u00e1 an ninh m\u1ea1ng CloudIQ<\/td>\n                <td><\/td>\n                <td><img decoding=\"async\" src=\"\/wp-content\/uploads\/2024\/07\/shape4.png\" \/><\/td>\n                <td><img decoding=\"async\" src=\"\/wp-content\/uploads\/2024\/07\/shape4.png\" \/><\/td>\n            <\/tr>\n            <tr>\n                <td>Qu\u1ea3n l\u00fd s\u1ef1 c\u1ed1 cho c\u00e1c s\u1ef1 ki\u1ec7n nghi\u00eam tr\u1ecdng 1<\/td>\n                <td><\/td>\n                <td><img decoding=\"async\" src=\"\/wp-content\/uploads\/2024\/07\/shape4.png\" \/><\/td>\n                <td><img decoding=\"async\" src=\"\/wp-content\/uploads\/2024\/07\/shape4.png\" \/><\/td>\n            <\/tr>\n            <tr>\n                <td>H\u1ed7 tr\u1ee3 Nhi\u1ec7m v\u1ee5 quan tr\u1ecdng n\u00e2ng cao<\/td>\n                <td><\/td>\n                <td><\/td>\n                <td><img decoding=\"async\" src=\"\/wp-content\/uploads\/2024\/07\/shape4.png\" \/><\/td>\n            <\/tr>\n            <tr>\n                <td>\u0110\u01b0\u1ee3c \u01b0u ti\u00ean truy c\u1eadp c\u00e1c k\u1ef9 s\u01b0 h\u1ed7 tr\u1ee3 cao c\u1ea5p t\u1eeb xa<\/td>\n                <td><\/td>\n                <td><\/td>\n                <td><img decoding=\"async\" src=\"\/wp-content\/uploads\/2024\/07\/shape4.png\" \/><\/td>\n            <\/tr>\n            <tr>\n                <td>Qu\u1ea3n l\u00fd t\u00e0i kho\u1ea3n d\u1ecbch v\u1ee5<\/td>\n                <td><\/td>\n                <td><\/td>\n                <td><img decoding=\"async\" src=\"\/wp-content\/uploads\/2024\/07\/shape4.png\" \/><\/td>\n            <\/tr>\n            <tr>\n                <td>B\u1ea3o tr\u00ec h\u1ec7 th\u1ed1ng ch\u1ee7 \u0111\u1ed9ng<\/td>\n                <td><\/td>\n                <td><\/td>\n                <td><img decoding=\"async\" src=\"\/wp-content\/uploads\/2024\/07\/shape4.png\" \/><\/td>\n            <\/tr>\n            <tr>\n                <td>H\u1ed7 tr\u1ee3 ph\u1ea7n m\u1ec1m b\u00ean th\u1ee9 ba c\u00f3 h\u1ea1n<\/td>\n                <td><\/td>\n                <td><\/td>\n                <td><img decoding=\"async\" src=\"\/wp-content\/uploads\/2024\/07\/shape4.png\" \/><\/td>\n            <\/tr>\n            <tr class=\"mid\">\n                <td>ProSupport Suite Add-On Services<\/td>\n            <\/tr>\n            <tr>\n                <td>Gi\u1eef \u1ed4 c\u1ee9ng \/ Gi\u1eef Linh ki\u1ec7n C\u1ee7a B\u1ea1n cho Doanh nghi\u1ec7p<\/td>\n                <td>T\u00f9y ch\u1ecdn<\/td>\n                <td>T\u00f9y ch\u1ecdn<\/td>\n                <td>T\u00f9y ch\u1ecdn<\/td>\n            <\/tr>\n            <tr>\n                <td>T\u1ed1i \u01b0u h\u00f3a cho C\u01a1 s\u1edf h\u1ea1 t\u1ea7ng<\/td>\n                <td><\/td>\n                <td>T\u00f9y ch\u1ecdn<\/td>\n                <td>T\u00f9y ch\u1ecdn<\/td>\n            <\/tr>\n            <tr>\n                <td>D\u1ecbch v\u1ee5 ch\u1ea9n \u0111o\u00e1n t\u1ea1i ch\u1ed7<\/td>\n                <td><\/td>\n                <td>T\u00f9y ch\u1ecdn<\/td>\n                <td>T\u00f9y ch\u1ecdn<\/td>\n            <\/tr>\n            <tr>\n                <td>Qu\u1ea3n l\u00fd t\u00e0i kho\u1ea3n k\u1ef9 thu\u1eadt - H\u01b0\u1edbng d\u1eabn c\u01a1 s\u1edf h\u1ea1 t\u1ea7ng<\/td>\n                <td><\/td>\n                <td>T\u00f9y ch\u1ecdn<\/td>\n                <td>T\u00f9y ch\u1ecdn<\/td>\n            <\/tr>\n            <tr>\n                <td>Qu\u1ea3n l\u00fd t\u00e0i kho\u1ea3n k\u1ef9 thu\u1eadt - H\u1ed7 tr\u1ee3 t\u1eeb xa \u0111\u01b0\u1ee3c ch\u1ec9 \u0111\u1ecbnh<\/td>\n                <td><\/td>\n                <td>T\u00f9y ch\u1ecdn<\/td>\n                <td>T\u00f9y ch\u1ecdn<\/td>\n            <\/tr>\n        <\/tbody>\n    <\/table>\n    <\/div>\n    <!--<div class=\"wrap-container\" style=\"margin: 40px auto\">\n        <img decoding=\"async\" src=\"\/wp-content\/uploads\/2024\/05\/Screenshot-2024-05-06-153121-1.png\" \/>\n    <\/div>-->\n    <div class=\"btnLearnMore\">\n        <a href=\"https:\/\/www.delltechnologies.com\/asset\/en-us\/services\/support\/briefs-summaries\/prosupport-infrastructure-suite-datasheet.pdf\" target=\"_blank\">Xem th\u00eam<\/a>\n    <\/div>\n<\/div>\t\t<\/div>\n\t\t\t\t<\/div>\n\t\t\t\t<\/div>\n\t\t\t\t<\/div>","protected":false},"excerpt":{"rendered":"<p>ProSupport Infrastructure Suite Trusted by Leaders, Delivered by Experts: World-class companies rely on ProSupport to keep their Dell infrastructure running smoothly. We take pride in this responsibility and strive to deliver exceptional support every day. ProSupport When you choose ProSupport for Infrastructure, highly trained experts are there around the clock and around the globe to [&hellip;]<\/p>","protected":false},"author":1,"featured_media":0,"parent":0,"menu_order":0,"comment_status":"closed","ping_status":"closed","template":"","meta":{"footnotes":""},"class_list":["post-1179","page","type-page","status-publish","hentry"],"_links":{"self":[{"href":"https:\/\/www.digiprovn.vn\/vi\/wp-json\/wp\/v2\/pages\/1179","targetHints":{"allow":["GET"]}}],"collection":[{"href":"https:\/\/www.digiprovn.vn\/vi\/wp-json\/wp\/v2\/pages"}],"about":[{"href":"https:\/\/www.digiprovn.vn\/vi\/wp-json\/wp\/v2\/types\/page"}],"author":[{"embeddable":true,"href":"https:\/\/www.digiprovn.vn\/vi\/wp-json\/wp\/v2\/users\/1"}],"replies":[{"embeddable":true,"href":"https:\/\/www.digiprovn.vn\/vi\/wp-json\/wp\/v2\/comments?post=1179"}],"version-history":[{"count":107,"href":"https:\/\/www.digiprovn.vn\/vi\/wp-json\/wp\/v2\/pages\/1179\/revisions"}],"predecessor-version":[{"id":3755,"href":"https:\/\/www.digiprovn.vn\/vi\/wp-json\/wp\/v2\/pages\/1179\/revisions\/3755"}],"wp:attachment":[{"href":"https:\/\/www.digiprovn.vn\/vi\/wp-json\/wp\/v2\/media?parent=1179"}],"curies":[{"name":"wp","href":"https:\/\/api.w.org\/{rel}","templated":true}]}}