{"id":1604,"date":"2024-05-13T11:06:14","date_gmt":"2024-05-13T04:06:14","guid":{"rendered":"http:\/\/localhost\/wordpress\/?page_id=1604"},"modified":"2024-07-16T10:49:19","modified_gmt":"2024-07-16T03:49:19","slug":"pro-support-business-suite","status":"publish","type":"page","link":"https:\/\/www.digiprovn.vn\/vi\/pro-support-business-suite\/","title":{"rendered":"ProSupport Business Suite"},"content":{"rendered":"<div data-elementor-type=\"wp-page\" data-elementor-id=\"1604\" class=\"elementor elementor-1604\">\n\t\t\t\t<div class=\"elementor-element elementor-element-864f104 e-con-full e-flex e-con e-parent\" data-id=\"864f104\" data-element_type=\"container\" data-core-v316-plus=\"true\">\n\t\t\t\t<div class=\"elementor-element elementor-element-3a08e08 elementor-widget elementor-widget-html\" data-id=\"3a08e08\" data-element_type=\"widget\" data-widget_type=\"html.default\">\n\t\t\t\t<div class=\"elementor-widget-container\">\n\t\t\t<style>\n    .div-pro-support-business-suite{\n        margin: 20px auto;\n    }\n    .div-pro-support-business-suite h2{\n        color: #0C78AB;\n        text-align: center;\n    }\n    .ul-btn{\n        margin:40px auto;\n        display: flex;\n        margin-left: 0;\n        justify-content: center;\n        align-items: center;\n        gap: 20px;\n        padding-left: 0;\n    }\n    .ul-btn li{\n        width: 24%;\n    }\n    .ul-btn li a{\n        text-decoration: none;\n        color: #fff;\n        display: block;\n        background-color: #0C78AB;\n        padding: 10px 20px;\n        text-align: center;\n    }\n    .div-pro-support > div{\n        margin: 80px auto;\n    }\n    .div-pro-support > div h3{\n        font-weight: 500;\n        font-size: 48px;\n    }\n    .div-pro-support > div ul{\n        list-style:disc;\n        display:flex;\n        flex-direction:column;\n        gap: 5px;\n    }\n    .div-download{\n        display: flex;\n        gap: 40px;\n    }\n    .div-download > div{\n        width: 50%;\n    }\n    .div-download-content h4{\n        font-size: 36px;\n        font-weight: 500;\n    }\n    p, ul li{\n        font-size: 18px;\n    }\n    .div-download-content .btnDownloadProsupport a{\n        background-color: #0C78AB;\n        color: #fff;\n        padding: 12px 25px;\n        text-decoration: none;\n        font-size: 18px;\n    }\n    .plus-list{\n        margin: 60px auto;\n        display: flex;\n        flex-direction: column;\n        gap: 60px;\n    }\n    .plus-list .plus-item{\n        display: flex;\n    }\n    .plus-list .plus-item .item-left{\n        width: 20%;\n        display: flex;\n        align-items: center;\n        justify-content: center;\n    }\n    .plus-list .plus-item .item-right{\n        width: 80%;\n    }\n    .item-title{font-weight: bold;font-size:22px;}\n    .item-content{font-size: 18px;}\n    .div-how-to-choose table thead tr td{\n        text-align: center;\n        font-weight: bold;\n        background-color: #EBEBEB;\n        font-size: 15px;\n    }\n    .div-how-to-choose table tbody tr td{\n        font-size: 15px;\n        height: 48px;\n        vertical-align: middle;\n    }\n    .div-how-to-choose table tbody tr td:not(:nth-child(1)){\n        text-align: center;\n    }\n<\/style>\n<div class=\"div-pro-support-business-suite wrap-container\">\n    <h2>ProSupport Business Suite<\/h2>\n    <ul class=\"ul-btn\">\n        <li><a href=\"#\" data-index=\"1\">ProSupport<\/a><\/li>\n        <li><a href=\"#\" data-index=\"2\">ProSupport Plus<\/a><\/li>\n        <li><a href=\"#\" data-index=\"3\">H\u01b0 H\u1ecfng Do S\u1ef1 C\u1ed1<\/a><\/li>\n        <li><a href=\"#\" data-index=\"4\">Help Me Choose<\/a><\/li>\n    <\/ul>\n    <div class=\"div-pro-support\">\n        <div class=\"div-download\" data-index=\"1\">\n            <div>\n                <img decoding=\"async\" src=\"\/wp-content\/uploads\/2024\/05\/istockphoto-1347197740-612x612-1.png\" \/>\n            <\/div>\n            <div class=\"div-download-content\">\n                <h4>ProSupport<\/h4>\n                <p>Ch\u00fang t\u00f4i hi\u1ec3u r\u1eb1ng b\u1ea1n \u0111ang qu\u1ea3n l\u00fd m\u1ed9t doanh nghi\u1ec7p v\u00e0 kh\u00f4ng c\u00f3 th\u1eddi gian cho c\u00e1c v\u1ea5n \u0111\u1ec1 c\u00f4ng ngh\u1ec7 th\u00f4ng tin (IT). ProSupport Plus cung c\u1ea5p cho b\u1ea1n s\u1ef1 h\u1ed7 tr\u1ee3 24\/7, d\u00f9 b\u1ea1n \u1edf nh\u00e0 hay trong v\u0103n ph\u00f2ng. Th\u1ef1c t\u1ebf, ch\u00fang t\u00f4i lu\u00f4n theo d\u00f5i c\u00e1c v\u1ea5n \u0111\u1ec1 \u0111\u1ec3 ch\u00fang kh\u00f4ng l\u00e0m b\u1ea1n b\u1ecb tr\u00ec ho\u00e3n. B\u1ea1n ch\u1ec9 c\u1ea7n t\u1eadp trung v\u00e0o vi\u1ec7c ph\u00e1t tri\u1ec3n, c\u00f2n vi\u1ec7c IT, ch\u00fang t\u00f4i s\u1ebd lo.<\/p>\n                <div class=\"btnDownloadProsupport\">\n                    <a href=\"https:\/\/www.delltechnologies.com\/asset\/en-us\/services\/support\/technical-support\/dell-prosupport-for-pcs-datasheet-comm.pdf?ref=cpcl_prosupportitems-60_cta_secondary_downloadprosupportdatasheet\" target=\"_blank\">Download Prosupport Datasheet<\/a>\n                <\/div>\n            <\/div>\n        <\/div>\n        <div class=\"div-pro-support-plus\">\n            <h3>ProSupport Plus<\/h3>\n            <p>\u0110\u01b0\u1ee3c thi\u1ebft k\u1ebf \u0111\u1eb7c bi\u1ec7t cho c\u00e1c doanh nghi\u1ec7p \u0111ang ph\u00e1t tri\u1ec3n c\u1ea7n t\u1eadp trung v\u00e0o chi\u1ebfn l\u01b0\u1ee3c thay v\u00ec c\u00e1c v\u1ea5n \u0111\u1ec1 CNTT. ProSupport Plus for PCs cung c\u1ea5p m\u1ecdi th\u1ee9 t\u1eeb ProSupport v\u00e0 h\u01a1n th\u1ebf n\u1eefa. Lu\u00f4n d\u1eabn \u0111\u1ea7u v\u1edbi c\u00f4ng ngh\u1ec7 d\u1ef1 \u0111o\u00e1n s\u1ef1 c\u1ed1 tr\u01b0\u1edbc khi ch\u00fang tr\u1edf th\u00e0nh v\u1ea5n \u0111\u1ec1, c\u00f9ng v\u1edbi s\u1eeda ch\u1eefa h\u01b0 h\u1ecfng do r\u01a1i, \u0111\u1ed5 n\u01b0\u1edbc v\u00e0 ch\u1eadp \u0111i\u1ec7n. B\u1ea1n c\u0169ng c\u00f3 th\u1ec3 gi\u1eef l\u1ea1i \u1ed5 c\u1ee9ng v\u00e0 d\u1eef li\u1ec7u nh\u1ea1y c\u1ea3m n\u1ebfu c\u1ea7n thay th\u1ebf. \u0110\u1ec3 Dell gi\u00fap b\u1ea1n g\u1ea7n nh\u01b0 lo\u1ea1i b\u1ecf ho\u00e0n to\u00e0n th\u1eddi gian gi\u00e1n \u0111o\u1ea1n kh\u00f4ng mong mu\u1ed1n.<\/p>\n            <div class=\"plus-list\">\n                <div class=\"plus-item\">\n                    <div class=\"item-left\">\n                        <img decoding=\"async\" src=\"\/wp-content\/uploads\/2024\/07\/continuous-improvement1.png\"\/>\n                    <\/div>\n                    <div class=\"item-right\">\n                        <div class=\"item-title\">\n                            Kh\u00f4ng c\u00f3 th\u1eddi gian cho s\u1ef1 gi\u00e1n \u0111o\u1ea1n\n                        <\/div>\n                        <div class=\"item-content\">\n                            ProSupport Plus v\u1edbi SupportAssist ph\u00e1t hi\u1ec7n s\u1edbm c\u00e1c s\u1ef1 c\u1ed1 ph\u1ea7n c\u1ee9ng tr\u01b0\u1edbc khi ch\u00fang tr\u1edf th\u00e0nh v\u1ea5n \u0111\u1ec1, gi\u00fap b\u1ea1n lo\u1ea1i b\u1ecf th\u1eddi gian gi\u00e1n \u0111o\u1ea1n kh\u00f4ng l\u01b0\u1eddng tr\u01b0\u1edbc do s\u1ef1 c\u1ed1 ph\u1ea7n c\u1ee9ng.\n                        <\/div>\n                    <\/div>\n                <\/div>\n                <div class=\"plus-item\">\n                    <div class=\"item-left\">\n                        <img decoding=\"async\" src=\"\/wp-content\/uploads\/2024\/07\/headphone1.png\"\/>\n                    <\/div>\n                    <div class=\"item-right\">\n                        <div class=\"item-title\">\n                            \u01afu ti\u00ean li\u00ean h\u1ec7 tr\u01b0\u1edbc\n                        <\/div>\n                        <div class=\"item-content\">\n                            C\u1ea3nh b\u00e1o ch\u1ee7 \u0111\u1ed9ng gi\u00fap b\u1ea1n khi c\u00f3 s\u1ef1 c\u1ed1 v\u00e0 t\u1ef1 \u0111\u1ed9ng t\u1ea1o phi\u1ebfu y\u00eau c\u1ea7u h\u1ed7 tr\u1ee3, v\u00ec v\u1eady b\u1ea1n kh\u00f4ng c\u1ea7n \u0111\u00f3ng vai tr\u00f2 h\u1ed7 tr\u1ee3 k\u1ef9 thu\u1eadt. Ch\u00fang t\u00f4i s\u1ebd b\u1eaft \u0111\u1ea7u gi\u1ea3i quy\u1ebft v\u1ea5n \u0111\u1ec1 ngay c\u1ea3 tr\u01b0\u1edbc khi b\u1ea1n g\u1ecdi \u0111i\u1ec7n. N\u1ebfu c\u1ea7n tr\u1ee3 gi\u00fap, ch\u00fang t\u00f4i s\u1ebd s\u1eb5n s\u00e0ng h\u1ed7 tr\u1ee3 t\u1eadn n\u01a1i \u0111\u1ec3 kh\u1eafc ph\u1ee5c s\u1ef1 c\u1ed1.\n                        <\/div>\n                    <\/div>\n                <\/div>\n                <div class=\"plus-item\">\n                    <div class=\"item-left\">\n                        <img decoding=\"async\" src=\"\/wp-content\/uploads\/2024\/07\/idea1.png\"\/>\n                    <\/div>\n                    <div class=\"item-right\">\n                        <div class=\"item-title\">\n                            Gi\u1ea3i ph\u00f3ng th\u1eddi gian v\u00e0 t\u00e2m tr\u00ed c\u1ee7a b\u1ea1n\n                        <\/div>\n                        <div class=\"item-content\">\n                            C\u00e1c chuy\u00ean gia ProSupport trong khu v\u1ef1c lu\u00f4n s\u1eb5n s\u00e0ng 24\/7, \u0111\u1ec3 h\u1ed7 tr\u1ee3 b\u1ea1n b\u1ea5t k\u1ec3 b\u1ea1n \u0111ang \u1edf \u0111\u00e2u v\u00e0 g\u1eb7p v\u1ea5n \u0111\u1ec1 IT n\u00e0o.\n                        <\/div>\n                    <\/div>\n                <\/div>\n                <div class=\"plus-item\">\n                    <div class=\"item-left\">\n                        <img decoding=\"async\" src=\"\/wp-content\/uploads\/2024\/07\/privacy1.png\"\/>\n                    <\/div>\n                    <div class=\"item-right\">\n                        <div class=\"item-title\">\n                            B\u1ea3o v\u1ec7 t\u00e0i s\u1ea3n v\u00e0 d\u1eef li\u1ec7u c\u1ee7a b\u1ea1n\n                        <\/div>\n                        <div class=\"item-content\">\n                            N\u1ebfu c\u00f3 s\u1ef1 c\u1ed1 x\u1ea3y ra v\u1edbi m\u00e1y t\u00ednh c\u1ee7a b\u1ea1n, ch\u00fang t\u00f4i s\u1ebd kh\u1eafc ph\u1ee5c. ProSupport cung c\u1ea5p thi\u1ebft b\u1ecb thay th\u1ebf nhanh ch\u00f3ng v\u00e0 b\u1ea3o v\u1ec7 kh\u1ecfi r\u01a1i v\u1ee1, \u0111\u1ed5 n\u01b0\u1edbc v\u00e0 ch\u1eadp \u0111i\u1ec7n. N\u1ebfu c\u1ea7n thay th\u1ebf \u1ed5 c\u1ee9ng, b\u1ea1n c\u00f3 th\u1ec3 gi\u1eef l\u1ea1i \u1ed5 c\u1ee9ng v\u00e0 t\u1ea5t c\u1ea3 d\u1eef li\u1ec7u tr\u00ean \u0111\u00f3 \u0111\u1ec3 b\u1ea3o v\u1ec7 b\u00ed m\u1eadt c\u1ee7a c\u00f4ng ty.\n                        <\/div>\n                    <\/div>\n                <\/div>\n                <div class=\"plus-item\">\n                    <div class=\"item-left\">\n                        <img decoding=\"async\" src=\"\/wp-content\/uploads\/2024\/07\/protection1.png\"\/>\n                    <\/div>\n                    <div class=\"item-right\">\n                        <div class=\"item-title\">\n                            C\u00f3 th\u1ec3 t\u1ef1 tr\u1ea3 chi ph\u00ed ch\u1ec9 v\u1edbi m\u1ed9t s\u1ef1 c\u1ed1\n                        <\/div>\n                        <div class=\"item-content\">\n                            ProSupport Plus mang l\u1ea1i gi\u00e1 tr\u1ecb v\u00e0 s\u1ef1 an t\u00e2m. \u0110\u1ea7u t\u01b0 v\u00e0o d\u1ecbch v\u1ee5 h\u1ed7 tr\u1ee3 gi\u00fap b\u1ea1n t\u1eadp trung v\u00e0o nh\u1eefng \u0111i\u1ec1u quan tr\u1ecdng.\n                        <\/div>\n                    <\/div>\n                <\/div>\n            <\/div>\n        <\/div>\n        <div class=\"div-how-to-choose\">\n            <h3>C\u00e1ch ch\u1ecdn g\u00f3i d\u1ecbch v\u1ee5<\/h3>\n            <div style=\"overflow-x:auto\">\n                <table>\n                <thead>\n                    <tr>\n                        <td>T\u00ednh n\u0103ng<\/td>\n                        <td>Basic Support<\/td>\n                        <td>ProSupport<\/td>\n                        <td>ProSupport Plus<\/td>\n                    <\/tr>\n                <\/thead>\n                <tbody>\n                    <tr>\n                        <td>H\u01b0 H\u1ecfng Do S\u1ef1 C\u1ed1<\/td>\n                        <td>T\u00f9y ch\u1ecdn<\/td>\n                        <td>T\u00f9y ch\u1ecdn<\/td>\n                        <td>\n                            <img decoding=\"async\" src=\"https:\/\/www.digiprovn.vn\/wp-content\/uploads\/2024\/07\/check7.png\" \/>\n                        <\/td>\n                    <\/tr>\n                    <tr>\n                        <td>H\u1ed7 tr\u1ee3 k\u1ef9 thu\u1eadt qua \u0111i\u1ec7n tho\u1ea1i, tr\u00f2 chuy\u1ec7n tr\u1ef1c tuy\u1ebfn v\u00e0 tr\u1ef1c tuy\u1ebfn<\/td>\n                        <td>Gi\u1edd h\u00e0nh ch\u00ednh<\/td>\n                        <td>24\/7<\/td>\n                        <td>24\/7<\/td>\n                    <\/tr>\n                    <tr>\n                        <td>S\u1eeda ch\u1eefa ph\u1ea7n c\u1ee9ng \u0111\u1ec3 gi\u1ea3m th\u1eddi gian gi\u00e1n \u0111o\u1ea1n n\u0103ng su\u1ea5t<\/td>\n                        <td>Thay \u0111\u1ed5i<\/td>\n                        <td>S\u1eeda ch\u1eefa t\u1eadn n\u01a1i v\u00e0o ng\u00e0y l\u00e0m vi\u1ec7c ti\u1ebfp theo<\/td>\n                        <td>S\u1eeda ch\u1eefa t\u1eadn n\u01a1i v\u00e0o ng\u00e0y l\u00e0m vi\u1ec7c ti\u1ebfp theo<\/td>\n                    <\/tr>\n                    <tr>\n                        <td>Li\u00ean h\u1ec7 tr\u1ef1c ti\u1ebfp \u0111\u1ebfn c\u00e1c k\u1ef9 s\u01b0 trong khu v\u1ef1c<\/td>\n                        <td><\/td>\n                        <td>\n                            <img decoding=\"async\" src=\"https:\/\/www.digiprovn.vn\/wp-content\/uploads\/2024\/07\/check7.png\" \/>\n                        <\/td>\n                        <td>\n                            <img decoding=\"async\" src=\"https:\/\/www.digiprovn.vn\/wp-content\/uploads\/2024\/07\/check7.png\" \/><br>\n                            Quy\u1ec1n truy c\u1eadp \u01b0u ti\u00ean\n                        <\/td>\n                    <\/tr>\n                    <tr>\n                        <td>Gi\u00e1m s\u00e1t v\u00e0 Qu\u1ea3n l\u00fd Kh\u1ee7ng ho\u1ea3ng<\/td>\n                        <td><\/td>\n                        <td><\/td>\n                        <td>\n                            <img decoding=\"async\" src=\"https:\/\/www.digiprovn.vn\/wp-content\/uploads\/2024\/07\/check7.png\" \/>\n                        <\/td>\n                    <\/tr>\n                    <tr>\n                        <td>Chuy\u00ean m\u00f4n v\u1ec1 ph\u1ea7n m\u1ec1m (SW) v\u00e0 ph\u1ea7n c\u1ee9ng (HW) t\u1eeb m\u1ed9t ngu\u1ed3n duy nh\u1ea5t.<\/td>\n                        <td><\/td>\n                        <td><\/td>\n                        <td>\n                            <img decoding=\"async\" src=\"https:\/\/www.digiprovn.vn\/wp-content\/uploads\/2024\/07\/check7.png\" \/>\n                        <\/td>\n                    <\/tr>\n                    <tr>\n                        <td>Kh\u1eafc ph\u1ee5c v\u1ea5n \u0111\u1ec1 tr\u01b0\u1edbc khi ch\u00fang x\u1ea3y ra (y\u00eau c\u1ea7u SupportAssist)<\/td>\n                        <td><\/td>\n                        <td><\/td>\n                        <td>\n                            <img decoding=\"async\" src=\"https:\/\/www.digiprovn.vn\/wp-content\/uploads\/2024\/07\/check7.png\" \/>\n                        <\/td>\n                    <\/tr>\n                    <tr>\n                        <td>T\u1ef1 \u0111\u1ed9ng lo\u1ea1i b\u1ecf virus v\u00e0 ph\u1ea7n m\u1ec1m \u0111\u1ed9c h\u1ea1i (y\u00eau c\u1ea7u SupportAssist)<\/td>\n                        <td><\/td>\n                        <td><\/td>\n                        <td>\n                            <img decoding=\"async\" src=\"https:\/\/www.digiprovn.vn\/wp-content\/uploads\/2024\/07\/check7.png\" \/>\n                        <\/td>\n                    <\/tr>\n                    <tr>\n                        <td>Qu\u1ea3n l\u00fd t\u00e0i kho\u1ea3n d\u1ecbch v\u1ee5 \u0111\u1ec3 b\u00e1o c\u00e1o v\u00e0 l\u1eadp k\u1ebf ho\u1ea1ch t\u00e0i kho\u1ea3n<\/td>\n                        <td><\/td>\n                        <td><\/td>\n                        <td>\n                            <img decoding=\"async\" src=\"https:\/\/www.digiprovn.vn\/wp-content\/uploads\/2024\/07\/check7.png\" \/>\n                        <\/td>\n                    <\/tr>\n                    <tr>\n                        <td>Gi\u1eef l\u1ea1i \u1ed5 c\u1ee9ng c\u1ee7a b\u1ea1n<\/td>\n                        <td><\/td>\n                        <td><\/td>\n                        <td>\n                            <img decoding=\"async\" src=\"https:\/\/www.digiprovn.vn\/wp-content\/uploads\/2024\/07\/check7.png\" \/>\n                        <\/td>\n                    <\/tr>\n                <\/tbody>\n            <\/table>\n            <\/div>\n        <\/div>\n        <div class=\"div-accidental-damage\">\n            <h3>H\u01b0 H\u1ecfng Do S\u1ef1 C\u1ed1<\/h3>\n            <p>Ngay c\u1ea3 Gi\u00e1m \u0111\u1ed1c \u0111i\u1ec1u h\u00e0nh c\u0169ng c\u00f3 th\u1ec3 l\u00e0m h\u1ecfng laptop v\u00e0 PC. Cho d\u00f9 \u1edf v\u0103n ph\u00f2ng hay tr\u00ean \u0111\u01b0\u1eddng \u0111i, nh\u1eefng tai n\u1ea1n nh\u01b0 r\u01a1i v\u1ee1, \u0111\u1ed5 n\u01b0\u1edbc v\u00e0 ch\u1eadp \u0111i\u1ec7n v\u1eabn c\u00f3 th\u1ec3 x\u1ea3y ra.<\/p>\n            <p>Ph\u1ee5c h\u1ed3i m\u00e1y nhanh h\u01a1n v\u1edbi D\u1ecbch V\u1ee5 H\u1ed7 Tr\u1ee3 Thi\u1ec7t H\u1ea1i Do Tai n\u1ea1n. N\u1ebfu PC ho\u1eb7c laptop c\u1ee7a b\u1ea1n b\u1ecb h\u1ecfng do tai n\u1ea1n, h\u00e3y li\u00ean h\u1ec7 v\u1edbi b\u1ed9 ph\u1eadn h\u1ed7 tr\u1ee3 c\u1ee7a Dell v\u00e0 k\u1ef9 thu\u1eadt vi\u00ean c\u1ee7a ch\u00fang t\u00f4i s\u1ebd nhanh ch\u00f3ng s\u1eeda ch\u1eefa ho\u1eb7c thay th\u1ebf thi\u1ebft b\u1ecb v\u1edbi: <\/p>\n            <ul>\n                <li>Th\u1eddi gian h\u1ed7 tr\u1ee3 thu\u1eadn ti\u1ec7n<\/li>\n                <li>Kh\u00f4ng ph\u00e1t sinh th\u00eam chi ph\u00ed s\u1eeda ch\u1eefa<\/li>\n                <li>Duy nh\u1ea5t m\u1ed9t \u0111\u1ea7u m\u1ed1i li\u00ean h\u1ec7 cho d\u1ecbch v\u1ee5 b\u1ea3o h\u00e0nh c\u1ee7a Dell<\/li>\n            <\/ul>\n        <\/div>\n        <!--<div data-index=\"2\">\n            <img decoding=\"async\" src=\"\/wp-content\/uploads\/2024\/05\/Screenshot-2024-05-07-105016-1.png\" \/>\n        <\/div>\n        <div data-index=\"3\">\n            <h3>How to Choose<\/h3>\n            <img decoding=\"async\" src=\"\/wp-content\/uploads\/2024\/05\/Screenshot-2024-05-07-105720-1.png\" \/>\n        <\/div>\n        <div data-index=\"4\">\n            <h3>Accidental Damage<\/h3>\n            <p>Everyone, even the CEO, is tough on laptops and PCs. Whether in the office or on-the-go, accidents like drops, spills and surges happen.<\/p>\n            <p>Recover faster with Accidental Damage support. If a PC or laptop is accidentally damaged, contact Dell support and our technicians will get the unit repaired or replaced quickly with:<\/p>\n            <ul>\n                <li>Convenient support hours<\/li>\n                <li>No hidden fees for repairs<\/li>\n                <li>Single point of contact for Dell warranty support<\/li>\n            <\/ul>\n        <\/div>-->\n    <\/div>\n<\/div>\n<script>\n    jQuery(function($){\n        $(\"ul.ul-btn li a\").on(\"click\",function(e){\n            e.preventDefault();\n            var index = $(this).attr(\"data-index\");\n            var divProSupport = $(\".div-pro-support > div\").eq(0).offset().top - 116;\n            var divProSupportPlus = $(\".div-pro-support > div\").eq(1).offset().top - 116;\n            var divHowtoChoose = $(\".div-pro-support > div\").eq(2).offset().top - 116;\n            var divAccidentalDamage = $(\".div-pro-support > div\").eq(3).offset().top - 116;\n            switch(index){\n                case \"1\":\n                    $('html, body').animate({scrollTop : divProSupport},800);\n                    break;\n                case \"2\":\n                    $('html, body').animate({scrollTop : divProSupportPlus},800);\n                    break;\n                case \"3\":\n                    $('html, body').animate({scrollTop : divAccidentalDamage},800);\n                    break;\n                case \"4\":\n                    $('html, body').animate({scrollTop : divHowtoChoose},800);\n                    break;\n                default:\n                    break;\n            }\n        })\n    })\n<\/script>\t\t<\/div>\n\t\t\t\t<\/div>\n\t\t\t\t<\/div>\n\t\t\t\t<\/div>","protected":false},"excerpt":{"rendered":"<p>ProSupport Business Suite ProSupport ProSupport Plus Accidental Damage Help Me Choose ProSupport We know you have a business to run and no time for IT issues. ProSupport Plus gives you 24x 7 support, wether you\u2019re at home or in the office. In fact, we\u2019re always watching for issues so they don\u2019t slow you down. You [&hellip;]<\/p>","protected":false},"author":1,"featured_media":0,"parent":0,"menu_order":0,"comment_status":"closed","ping_status":"closed","template":"","meta":{"footnotes":""},"class_list":["post-1604","page","type-page","status-publish","hentry"],"_links":{"self":[{"href":"https:\/\/www.digiprovn.vn\/vi\/wp-json\/wp\/v2\/pages\/1604","targetHints":{"allow":["GET"]}}],"collection":[{"href":"https:\/\/www.digiprovn.vn\/vi\/wp-json\/wp\/v2\/pages"}],"about":[{"href":"https:\/\/www.digiprovn.vn\/vi\/wp-json\/wp\/v2\/types\/page"}],"author":[{"embeddable":true,"href":"https:\/\/www.digiprovn.vn\/vi\/wp-json\/wp\/v2\/users\/1"}],"replies":[{"embeddable":true,"href":"https:\/\/www.digiprovn.vn\/vi\/wp-json\/wp\/v2\/comments?post=1604"}],"version-history":[{"count":92,"href":"https:\/\/www.digiprovn.vn\/vi\/wp-json\/wp\/v2\/pages\/1604\/revisions"}],"predecessor-version":[{"id":3752,"href":"https:\/\/www.digiprovn.vn\/vi\/wp-json\/wp\/v2\/pages\/1604\/revisions\/3752"}],"wp:attachment":[{"href":"https:\/\/www.digiprovn.vn\/vi\/wp-json\/wp\/v2\/media?parent=1604"}],"curies":[{"name":"wp","href":"https:\/\/api.w.org\/{rel}","templated":true}]}}