{"id":206,"date":"2024-05-03T16:25:40","date_gmt":"2024-05-03T09:25:40","guid":{"rendered":"http:\/\/localhost\/wordpress\/?page_id=206"},"modified":"2025-05-20T17:28:43","modified_gmt":"2025-05-20T10:28:43","slug":"contact","status":"publish","type":"page","link":"https:\/\/www.digiprovn.vn\/vi\/contact\/","title":{"rendered":"Li\u00ean h\u1ec7"},"content":{"rendered":"<div data-elementor-type=\"wp-page\" data-elementor-id=\"206\" class=\"elementor elementor-206\">\n\t\t\t\t<div class=\"elementor-element elementor-element-019a9e3 e-con-full e-flex e-con e-parent\" data-id=\"019a9e3\" data-element_type=\"container\" data-core-v316-plus=\"true\">\n\t\t\t\t<div class=\"elementor-element elementor-element-2d45e66 elementor-widget elementor-widget-html\" data-id=\"2d45e66\" data-element_type=\"widget\" data-widget_type=\"html.default\">\n\t\t\t\t<div class=\"elementor-widget-container\">\n\t\t\t<style>\n    .div-contact{\n        margin: 20px auto;\n    }\n    .div-contact h2{\n        color: #0C78AB;\n        text-align: center;\n        font-size: 36px;\n        text-transform: uppercase;\n    }\n    .div-contact p{\n        font-size: 20px;\n        text-align: center;\n        width: 966px;\n        margin: 20px auto;\n    }\n    .div-contact .combo-h3{\n        display: flex;\n        flex-direction: row;\n        align-items: center;\n        justify-content: center;\n        gap: 80px;\n    }\n    .div-contact .combo-h3 h3{\n        color: #0C78AB;\n    }\n    .list-infos-maps{\n        display: flex;\n        flex-direction: column;\n        align-items: center;\n        justify-content: center;\n        gap: 40px;\n        margin: 40px auto;\n    }\n    .info-map-item{\n        display: flex;\n        flex-direction: row;\n        align-items: center;\n        justify-content: center;\n        gap: 40px;\n        width: 100%;\n    }\n    .info-item{\n        width: 50%;\n        height: 350px;\n        border: 1px solid #808080;\n        border-radius: 30px;\n        padding: 15px;\n    }\n    .info-item h4{\n        color: #0C78AB;\n        font-weight: 800;\n        text-align: center;\n        font-size: 32px;\n    }\n    .info-details{\n        margin: 20px;\n    }\n    .info-details-item{\n        display: flex;\n        gap: 20px;\n        margin: 15px auto;\n    }\n    .info-content{\n        font-size: 20px;\n        width: 90%;\n    }\n    .info-icon{\n        width: 7%;\n    }\n    .info-icon img {width: 30px; height: 30px;}\n    .map-item{\n        width: 50%;\n        height: 356px;\n    }\n    .combo-h3 h3{\n        cursor: pointer;\n    }\n    \n    .contact-agency {\n        position: fixed;\n        bottom: 45px;\n        right: 10px;\n        z-index: 10000;\n        max-width: 180px;\n        background-color: rgba(0, 0, 0, 0);\n        cursor: pointer;\n        display: none;\n    }\n    .contact-agency .hide-agency {\n        display: none;\n        border-radius: 20px;\n        background-color: #0C78AB;\n        width: 30px;\n        height: 30px;\n        display: flex;\n        align-items: center;\n        justify-content: center;\n        margin-left: auto;\n        position: absolute;\n        top: -30px;\n        right: 0;\n        transition: all 0.5s ease-out;\n    }\n    .contact-agency .hide-agency span {\n        color: #fff;\n        margin-top: 3.5px;\n    }\n    .contact-agency .list-agency {\n        display: none;\n        transition: all 0.5s ease-out;\n    }\n    .contact-agency .d-ct {\n        background-color: #ffffff;\n        border-radius: 5px;\n        padding: 0 5px;\n        box-shadow: 3px 3px 3px -1px rgb(0 0 0 \/ 20%);\n        text-decoration: none;\n        color:#0C78AB;\n    }\n    .m-2 {\n        margin: .5rem !important;\n    }\n    .d-flex {\n        display: flex !important;\n    }\n    .contact-agency .show-agency {\n        display: none;\n        border-radius: 20px;\n        background-color: #0C78AB;\n        width: 30px;\n        height: 30px;\n        display: flex;\n        align-items: center;\n        justify-content: center;\n        margin-left: auto;\n        position: absolute;\n        bottom: 0;\n        right: 0;\n        transition: all 0.5s ease-out;\n    }\n    .contact-agency .show-agency span {\n        color: #fff;\n    }\n    .arrow {\n        border: solid white;\n        border-width: 0 3px 3px 0;\n        display: inline-block;\n        padding: 3px;\n    }\n    .up {\n        transform: rotate(-135deg);\n        -webkit-transform: rotate(-135deg);\n        margin-top: 3px;\n    }\n    .down {\n        transform: rotate(45deg);\n        -webkit-transform: rotate(45deg);\n        margin-bottom: 3px;\n    }\n    .m-1 {\n        margin: .25rem !important;\n    }\n    .align-items-center {\n        -ms-flex-align: center !important;\n        align-items: center !important;\n    }\n<\/style>\n<div class=\"div-contact wrap-container\">\n    <h2>Th\u00f4ng tin li\u00ean h\u1ec7<\/h2>\n    <p>Kh\u00f4ng ch\u1ec9 cung c\u1ea5p d\u1ecbch v\u1ee5 b\u1ea3o h\u00e0nh, ch\u00fang t\u00f4i c\u00f2n l\u00e0 \u0111\u1ed1i t\u00e1c c\u1ee7a b\u1ea1n trong vi\u1ec7c t\u1ed1i \u0111a h\u00f3a gi\u00e1 tr\u1ecb kho\u1ea3n \u0111\u1ea7u t\u01b0 v\u00e0o s\u1ea3n ph\u1ea9m Dell. H\u00e3y li\u00ean h\u1ec7 v\u1edbi ch\u00fang t\u00f4i v\u00e0 tr\u1ea3i nghi\u1ec7m ch\u00e2\u0301t l\u01b0\u01a1\u0323ng di\u0323ch vu\u0323 t\u1ea1i \nTrung t\u00e2m b\u1ea3o h\u00e0nh Dell Vi\u1ec7t Nam  ngay h\u00f4m nay .<\/p>\n    <br>\n    <hr>\n    <br>\n    <div class=\"combo-h3\">\n        <h3 data-index=\"1\">H\u1ed3 Ch\u00ed Minh<\/h3>\n        <h3 data-index=\"2\">H\u00e0 N\u1ed9i<\/h3>\n        <h3 data-index=\"3\">\u0110\u00e0 N\u1eb5ng<\/h3>\n        <h3 data-index=\"4\">C\u1ea7n Th\u01a1<\/h3>\n    <\/div>\n    <div class=\"list-infos-maps\">\n        <div class=\"info-map-item\">\n            <div class=\"info-item\">\n                <h4>H\u1ed3 Ch\u00ed Minh (Tr\u1ee5 s\u1edf ch\u00ednh)<\/h4>\n                <hr>\n                <div class=\"info-details\">\n                    <div class=\"info-details-item\">\n                        <div class=\"info-icon\">\n                            <img decoding=\"async\" src=\"\/wp-content\/uploads\/2024\/05\/envelope-1-1.png\" \/>\n                        <\/div>\n                        <div class=\"info-content\">cs@digipro.vn<\/div>    \n                    <\/div>\n                    <div class=\"info-details-item\">\n                        <div class=\"info-icon\">\n                            <img decoding=\"async\" src=\"\/wp-content\/uploads\/2024\/05\/phone-flip-1.png\" \/>\n                        <\/div>\n                        <div class=\"info-content\">028 3842 4342<\/div>    \n                    <\/div>\n                    <div class=\"info-details-item\">\n                        <div class=\"info-icon\">\n                            <img decoding=\"async\" src=\"\/wp-content\/uploads\/2024\/05\/map-marker-1.png\" \/>\n                        <\/div>\n                        <div class=\"info-content\">23 Nguy\u1ec5n Th\u1ecb Hu\u1ef3nh, Ph\u01b0\u1eddng 8, Qu\u1eadn Ph\u00fa Nhu\u1eadn, TP. H\u1ed3 Ch\u00ed Minh<\/div>    \n                    <\/div>\n                    <div class=\"info-details-item\">\n                        <div class=\"info-icon\">\n                            <img decoding=\"async\" src=\"\/wp-content\/uploads\/2024\/05\/Clock.png\" \/>\n                        <\/div>\n                        <div class=\"info-content\">Th\u1ee9 Hai \u0111\u1ebfn Th\u1ee9 S\u00e1u 08:00 s\u00e1ng - 05:30 chi\u1ec1u Th\u1ee9 B\u1ea3y 08:00 s\u00e1ng - 12:00 chi\u1ec1u<\/div>    \n                    <\/div>\n                <\/div>\n            <\/div>\n            <div class=\"map-item\">\n                <iframe src=\"https:\/\/www.google.com\/maps\/embed\/v1\/place?key=AIzaSyCj2qC0c-uRFboGfYVQa2cn8zLg4LAGhuM&q=23 Nguyen Thi Huynh Street, Ward 8, Phu Nhuan District, Ho Chi Minh, Zip 70000&language=en\" width=\"613\" height=\"356\" style=\"border:0;\" allowfullscreen=\"\" loading=\"lazy\" referrerpolicy=\"no-referrer-when-downgrade\"><\/iframe>\n            <\/div>\n        <\/div>\n        <div class=\"info-map-item\">\n            <div class=\"info-item\">\n                <h4>H\u00e0 N\u1ed9i<\/h4>\n                <hr>\n                <div class=\"info-details\">\n                    <div class=\"info-details-item\">\n                        <div class=\"info-icon\">\n                            <img decoding=\"async\" src=\"\/wp-content\/uploads\/2024\/05\/envelope-1-1.png\" \/>\n                        <\/div>\n                        <div class=\"info-content\">cs@digipro.vn<\/div>    \n                    <\/div>\n                    <div class=\"info-details-item\">\n                        <div class=\"info-icon\">\n                            <img decoding=\"async\" src=\"\/wp-content\/uploads\/2024\/05\/phone-flip-1.png\" \/>\n                        <\/div>\n                        <div class=\"info-content\">024 3537 5858<\/div>    \n                    <\/div>\n                    <div class=\"info-details-item\">\n                        <div class=\"info-icon\">\n                            <img decoding=\"async\" src=\"\/wp-content\/uploads\/2024\/05\/map-marker-1.png\" \/>\n                        <\/div>\n                        <div class=\"info-content\">26 Y\u00ean L\u00e3ng, Ph\u01b0\u1eddng L\u00e1ng H\u1ea1, Qu\u1eadn \u0110\u1ed1ng \u0110a, TP. H\u00e0 N\u1ed9i.<\/div>    \n                    <\/div>\n                    <div class=\"info-details-item\">\n                        <div class=\"info-icon\">\n                            <img decoding=\"async\" src=\"\/wp-content\/uploads\/2024\/05\/Clock.png\" \/>\n                        <\/div>\n                        <div class=\"info-content\">Th\u1ee9 Hai \u0111\u1ebfn Th\u1ee9 S\u00e1u 08:00 s\u00e1ng - 05:30 chi\u1ec1u Th\u1ee9 B\u1ea3y 08:00 s\u00e1ng - 12:00 chi\u1ec1u<\/div>    \n                    <\/div>\n                <\/div>\n            <\/div>\n            <div class=\"map-item\">\n                <iframe src=\"https:\/\/www.google.com\/maps\/embed\/v1\/place?key=AIzaSyCj2qC0c-uRFboGfYVQa2cn8zLg4LAGhuM&q=26 P.Y\u00ean L\u00e3ng, L\u00e1ng H\u1ea1, \u0110\u1ed1ng \u0110a, H\u00e0 N\u1ed9i 100000, Vi\u1ec7t Nam&language=en\" width=\"613\" height=\"356\" style=\"border:0;\" allowfullscreen=\"\" loading=\"lazy\" referrerpolicy=\"no-referrer-when-downgrade\"><\/iframe>\n            <\/div>\n        <\/div>\n        <div class=\"info-map-item\">\n            <div class=\"info-item\">\n                <h4>\u0110\u00e0 N\u1eb5ng<\/h4>\n                <hr>\n                <div class=\"info-details\">\n                    <div class=\"info-details-item\">\n                        <div class=\"info-icon\">\n                            <img decoding=\"async\" src=\"\/wp-content\/uploads\/2024\/05\/envelope-1-1.png\" \/>\n                        <\/div>\n                        <div class=\"info-content\">cs@digipro.vn<\/div>    \n                    <\/div>\n                    <div class=\"info-details-item\">\n                        <div class=\"info-icon\">\n                            <img decoding=\"async\" src=\"\/wp-content\/uploads\/2024\/05\/phone-flip-1.png\" \/>\n                        <\/div>\n                        <div class=\"info-content\">0236 3653 747<\/div>    \n                    <\/div>\n                    <div class=\"info-details-item\">\n                        <div class=\"info-icon\">\n                            <img decoding=\"async\" src=\"\/wp-content\/uploads\/2024\/05\/map-marker-1.png\" \/>\n                        <\/div>\n                        <div class=\"info-content\">36 H\u00e0m Nghi, Ph\u01b0\u1eddng Th\u1ea1c Gi\u00e1n, Qu\u1eadn Thanh Kh\u00ea, TP. \u0110\u00e0 N\u1eb5ng.<\/div>    \n                    <\/div>\n                    <div class=\"info-details-item\">\n                        <div class=\"info-icon\">\n                            <img decoding=\"async\" src=\"\/wp-content\/uploads\/2024\/05\/Clock.png\" \/>\n                        <\/div>\n                        <div class=\"info-content\">Th\u1ee9 Hai \u0111\u1ebfn Th\u1ee9 S\u00e1u 08:00 s\u00e1ng - 05:30 chi\u1ec1u\nTh\u1ee9 B\u1ea3y 08:00 s\u00e1ng - 12:00 tr\u01b0a<\/div>    \n                    <\/div>\n                <\/div>\n            <\/div>\n            <div class=\"map-item\">\n                <iframe src=\"https:\/\/www.google.com\/maps\/embed\/v1\/place?key=AIzaSyCj2qC0c-uRFboGfYVQa2cn8zLg4LAGhuM&q=36 H\u00e0m Nghi, Th\u1ea1c Gi\u00e1n, Thanh Kh\u00ea, \u0110\u00e0 N\u1eb5ng 550000&language=en\" width=\"613\" height=\"356\" style=\"border:0;\" allowfullscreen=\"\" loading=\"lazy\" referrerpolicy=\"no-referrer-when-downgrade\"><\/iframe>\n            <\/div>\n        <\/div>\n        <div class=\"info-map-item\">\n            <div class=\"info-item\">\n                <h4>C\u1ea7n Th\u01a1<\/h4>\n                <hr>\n                <div class=\"info-details\">\n                    <div class=\"info-details-item\">\n                        <div class=\"info-icon\">\n                            <img decoding=\"async\" src=\"\/wp-content\/uploads\/2024\/05\/envelope-1-1.png\" \/>\n                        <\/div>\n                        <div class=\"info-content\">cs@digipro.vn<\/div>    \n                    <\/div>\n                    <div class=\"info-details-item\">\n                        <div class=\"info-icon\">\n                            <img decoding=\"async\" src=\"\/wp-content\/uploads\/2024\/05\/phone-flip-1.png\" \/>\n                        <\/div>\n                        <div class=\"info-content\">0292 3783 599<\/div>    \n                    <\/div>\n                    <div class=\"info-details-item\">\n                        <div class=\"info-icon\">\n                            <img decoding=\"async\" src=\"\/wp-content\/uploads\/2024\/05\/map-marker-1.png\" \/>\n                        <\/div>\n                        <div class=\"info-content\">211\/2 Nguy\u1ec5n V\u0103n Linh, Ph\u01b0\u1eddng H\u01b0ng L\u1ee3i, Qu\u1eadn Ninh Ki\u1ec1u, TP. C\u1ea7n Th\u01a1.<\/div>    \n                    <\/div>\n                    <div class=\"info-details-item\">\n                        <div class=\"info-icon\">\n                            <img decoding=\"async\" src=\"\/wp-content\/uploads\/2024\/05\/Clock.png\" \/>\n                        <\/div>\n                        <div class=\"info-content\">Th\u1ee9 Hai \u0111\u1ebfn Th\u1ee9 S\u00e1u 08:00 s\u00e1ng - 05:30 chi\u1ec1u\nTh\u1ee9 B\u1ea3y 08:00 s\u00e1ng - 12:00 tr\u01b0a<\/div>    \n                    <\/div>\n                <\/div>\n            <\/div>\n            <div class=\"map-item\">\n                <iframe src=\"https:\/\/www.google.com\/maps\/embed\/v1\/place?key=AIzaSyCj2qC0c-uRFboGfYVQa2cn8zLg4LAGhuM&q=No. 211\/2 Nguyen Van Linh Street , Ninh Kieu District, Can Tho, Zip 92100&language=en\" width=\"613\" height=\"356\" style=\"border:0;\" allowfullscreen=\"\" loading=\"lazy\" referrerpolicy=\"no-referrer-when-downgrade\"><\/iframe>\n            <\/div>\n        <\/div>\n    <\/div>\n<\/div>\n<div class=\"contact-agency\">\n    <div class=\"hide-agency\" style=\"\">\n        <i class=\"arrow down\"><\/i>\n    <\/div>\n    <div class=\"list-agency\" style=\"display: block;\">\n        <a class=\"d-flex m-2 d-ct\" href=\"https:\/\/zalo.me\/0888499799\" target=\"_blank\">\n            <div class=\"m-1 d-flex align-items-center\"><img decoding=\"async\" src=\"\/wp-content\/uploads\/2024\/05\/zalo.png\" width=\"30\" height=\"30\"><\/div>\n            <div class=\"m-1 d-flex align-items-center\">\n                <span>Chat Zalo<\/span>\n            <\/div>\n        <\/a>\n        <a class=\"d-flex m-2 d-ct\" href=\"tel:02838424342\" target=\"_blank\">\n            <div class=\"m-1 d-flex align-items-center\"><img decoding=\"async\" src=\"\/wp-content\/uploads\/2024\/05\/call.png\" width=\"30\" height=\"30\"><\/div>\n            <div class=\"m-1 d-flex align-items-center\">\n                <span>02838424342<\/span>\n            <\/div>\n        <\/a>\n        <a class=\"d-flex m-2 d-ct\" href=\"https:\/\/m.me\/TTBHDELL.2022\" target=\"_blank\">\n            <div class=\"m-1 d-flex align-items-center\"><img decoding=\"async\" src=\"\/wp-content\/uploads\/2024\/05\/messenger.jpg\" width=\"30\" height=\"30\"><\/div>\n            <div class=\"m-1 d-flex align-items-center\">\n                <span>Messenger<\/span>\n            <\/div>\n        <\/a>\n    <\/div>\n    <div class=\"show-agency\" style=\"display: none;\">\n        <i class=\"arrow up\"><\/i>\n    <\/div>\n<\/div>\n<script>\n    jQuery(function($){\n        $(\".combo-h3 h3\").on(\"click\",function(){\n            var divhcm = $(\".info-map-item\").eq(0).offset().top - 116;\n            var divhn = $(\".info-map-item\").eq(1).offset().top - 116;\n            var divdn = $(\".info-map-item\").eq(2).offset().top - 116;\n            var divct = $(\".info-map-item\").eq(3).offset().top - 116;\n            var index = $(this).attr(\"data-index\");\n            switch(index){\n                case \"1\":\n                    $('html, body').animate({scrollTop : divhcm},800);\n                    break;\n                case \"2\":\n                    $('html, body').animate({scrollTop : divhn},800);\n                    break;\n                case \"3\":\n                    $('html, body').animate({scrollTop : divdn},800);\n                    break;\n                case \"4\":\n                    $('html, body').animate({scrollTop : divct},800);\n                    break;\n                default:\n                    break;\n            }\n        })\n        $(\".hide-agency\").on(\"click\", function(){\n            $(this).hide();\n            $(\".list-agency\").hide();\n            $(\".show-agency\").show();\n        })\n        $(\".show-agency\").on(\"click\", function(){\n            $(this).hide();\n            $(\".list-agency\").show();\n            $(\".hide-agency\").show();\n        })\n    })\n<\/script>\t\t<\/div>\n\t\t\t\t<\/div>\n\t\t\t\t<\/div>\n\t\t\t\t<\/div>","protected":false},"excerpt":{"rendered":"<p>Contact Information More than just warranty service, we&#8217;re your partner in maximizing the value of your Dell investment. Get in touch today and experience the Dell Vietnam Warranty Center! Ho Chi Minh Ha Noi Da Nang Can tho Ho Chi Minh (Head Quarter) cs@digipro.vn 028 3842 4342 23 Nguyen Thi Huynh Street, Ward 8, Phu [&hellip;]<\/p>","protected":false},"author":1,"featured_media":0,"parent":0,"menu_order":0,"comment_status":"closed","ping_status":"closed","template":"","meta":{"footnotes":""},"class_list":["post-206","page","type-page","status-publish","hentry"],"_links":{"self":[{"href":"https:\/\/www.digiprovn.vn\/vi\/wp-json\/wp\/v2\/pages\/206","targetHints":{"allow":["GET"]}}],"collection":[{"href":"https:\/\/www.digiprovn.vn\/vi\/wp-json\/wp\/v2\/pages"}],"about":[{"href":"https:\/\/www.digiprovn.vn\/vi\/wp-json\/wp\/v2\/types\/page"}],"author":[{"embeddable":true,"href":"https:\/\/www.digiprovn.vn\/vi\/wp-json\/wp\/v2\/users\/1"}],"replies":[{"embeddable":true,"href":"https:\/\/www.digiprovn.vn\/vi\/wp-json\/wp\/v2\/comments?post=206"}],"version-history":[{"count":164,"href":"https:\/\/www.digiprovn.vn\/vi\/wp-json\/wp\/v2\/pages\/206\/revisions"}],"predecessor-version":[{"id":3973,"href":"https:\/\/www.digiprovn.vn\/vi\/wp-json\/wp\/v2\/pages\/206\/revisions\/3973"}],"wp:attachment":[{"href":"https:\/\/www.digiprovn.vn\/vi\/wp-json\/wp\/v2\/media?parent=206"}],"curies":[{"name":"wp","href":"https:\/\/api.w.org\/{rel}","templated":true}]}}