{"id":874,"date":"2024-05-06T11:13:18","date_gmt":"2024-05-06T04:13:18","guid":{"rendered":"http:\/\/localhost\/wordpress\/?page_id=874"},"modified":"2024-05-22T11:12:29","modified_gmt":"2024-05-22T04:12:29","slug":"on-site-warranty","status":"publish","type":"page","link":"https:\/\/www.digiprovn.vn\/vi\/on-site-warranty\/","title":{"rendered":"On-site Warranty"},"content":{"rendered":"<div data-elementor-type=\"wp-page\" data-elementor-id=\"874\" class=\"elementor elementor-874\">\n\t\t\t\t<div class=\"elementor-element elementor-element-add62e5 e-con-full e-flex e-con e-parent\" data-id=\"add62e5\" data-element_type=\"container\" data-core-v316-plus=\"true\">\n\t\t\t\t<div class=\"elementor-element elementor-element-24cf8cd elementor-widget elementor-widget-html\" data-id=\"24cf8cd\" data-element_type=\"widget\" data-widget_type=\"html.default\">\n\t\t\t\t<div class=\"elementor-widget-container\">\n\t\t\t<style>\n    .div-on-site-warranty{\n        margin: 20px auto;\n    }\n    .div-on-site-warranty h2{\n        font-size: 36px;\n    }\n    .div-on-site-warranty h2, .div-on-site-warranty h4{\n        color: #0C78AB;\n        text-align: center;\n    }\n    .div-on-site-warranty p{\n        text-align: center;\n        width: 966px;\n        margin: 20px auto;\n        font-size: 20px;\n    }\n    .section-plans{\n        display: flex;\n        flex-direction: row;\n        justify-content: center;\n        align-items: center;\n        margin: 80px auto;\n        gap: 40px;\n    }\n    .plans-left{\n        display: flex;\n        flex-direction: column;\n        align-items: center;\n        justify-content: center;\n    }\n    .plans-left h4{\n        font-size: 24px;\n        font-weight: 700;\n    }\n    .plans-combo{\n        display: flex;\n        flex-direction: column;\n        gap: 20px;\n    }\n    .plans-combo a{\n        color:#fff;\n        background-color: #0C78AB;\n        text-decoration: none;\n        padding: 9px 20px 8px 0;\n        border-radius: 40px;\n        font-size: 32px;\n    }\n    .plans-combo a span{\n        color: #808080;\n        border: 2px solid #808080;\n        border-radius: 50%;\n        padding: 10px 20px;\n        background-color: #fff;\n        margin-right: 10px;\n    }\n    .section-contact-dell{\n        margin: 80px auto;\n    }\n    .section-contact-dell .div-title{\n        display: flex;\n        flex-direction: column;\n        justify-content: center;\n        height: 200px;\n        position: relative;\n        width: 100%;\n        margin: 0 auto;\n    }\n    .section-contact-dell .div-title h2{\n        color: #0C78AB;\n        position: absolute;\n        top: 50%;\n        left: 50%;\n        transform: translate(-50%, -50%);\n        background-color: white; \/* \u0110\u1ec3 ti\u00eau \u0111\u1ec1 hi\u1ec3n th\u1ecb tr\u00ean \u0111\u01b0\u1eddng k\u1ebb ngang *\/\n        padding: 0 20px; \/* T\u00f9y ch\u1ec9nh padding cho ti\u00eau \u0111\u1ec1 *\/\n        margin: 0;\n    }\n    .list-steps{\n        display: flex;\n        justify-content: center;\n        margin: 0 auto;\n        flex-wrap: wrap;\n        gap: 0 80px;\n    }\n    .steps-item{\n        width: 390px;\n        height: 360px;\n        background-color: #0C78AB;\n        border-radius: 20px;\n        color: #fff;\n    }\n    .item-content{\n        position: relative;\n        height: 100%;\n    }\n    .item-number{\n        position: absolute;\n        margin-top:-390px;\n        margin-left: -30px;\n        color: #808080;\n        border: 2px solid #808080;\n        border-radius: 50%;\n        padding: 5px 20px;\n        background-color: #fff;\n        font-size: 30px;\n    }\n    .content-top{\n        height: 80px;\n        background-color: #fff;\n        border: 1px solid #808080;\n        border-top-left-radius: 20px;\n        border-top-right-radius: 20px;\n        display: flex;\n        align-items: center;\n        justify-content: center;\n    }\n    .content-top h4{\n        margin: 0;\n        font-weight: 500;\n        font-size: 22px;\n    }\n    ul.content-main{\n        display: flex;\n        flex-direction: column;\n        justify-content: center;\n        width: 305px;\n        margin: 0 auto;\n        height: 280px;\n        padding-left: 15px;\n        list-style: number;\n        gap: 10px;\n    }\n    ul.content-main li{\n        font-size: 20px;\n    }\n    .panel-item{\n        display: flex;\n        justify-content: center;\n    }\n    .div-video2{\n        width: 800px;\n    }\n<\/style>\n<div class=\"div-on-site-warranty wrap-container\">\n    <h2>On-site Warranty<\/h2>\n    <p>\u0110\u1ed1i v\u1edbi kh\u00e1ch h\u00e0ng b\u1eadn r\u1ed9n g\u1eb7p v\u1ea5n \u0111\u1ec1 v\u1edbi s\u1ea3n ph\u1ea9m Dell, d\u1ecbch v\u1ee5 b\u1ea3o h\u00e0nh t\u1eadn n\u01a1i l\u00e0 m\u1ed9t gi\u1ea3i ph\u00e1p ti\u1ec7n l\u1ee3i. C\u00e1c k\u1ef9 thu\u1eadt vi\u00ean s\u1ebd \u0111\u1ebfn tr\u1ef1c ti\u1ebfp t\u1eadn n\u01a1i c\u1ee7a b\u1ea1n, gi\u00fap b\u1ea1n kh\u00f4ng c\u1ea7n ph\u1ea3i m\u1ea5t th\u1eddi gian v\u00e0 phi\u1ec1n to\u00e1i \u0111\u1ebfn trung t\u00e2m d\u1ecbch v\u1ee5.<\/p>\n    <div class=\"section-plans\">\n        <div class=\"plans-left\">\n            <h4>Vui l\u00f2ng chu\u1ea9n b\u1ecb nh\u1eefng th\u00f4ng tin sau tr\u01b0\u1edbc khi g\u1ecdi \u0111\u1ebfn Trung T\u00e2m B\u1ea3o H\u00e0nh Dell:<\/h4>\n            <div class=\"plans-combo\">\n                <a href=\"#\"><span>1<\/span> T\u00ean s\u1ea3n ph\u1ea9m<\/a>\n                <a href=\"#\"><span>2<\/span> Express Service Code<\/a>\n                <a href=\"#\"><span>3<\/span> Service Tag<\/a>\n            <\/div>\n        <\/div>\n        <div class=\"div-video2\">\n            <video id=\"vidHD\" controls>\n              <source src=\"\/wp-content\/uploads\/2024\/05\/HUONG-DAN-TIENG-ANH.mp4\" type=\"video\/mp4\">\n              Your browser does not support HTML video.\n            <\/video>\n        <\/div>\n    <\/div>\n    <div class=\"section-contact-dell\">\n        <div class=\"div-title\">\n            <h2>C\u00e1ch li\u00ean h\u1ec7 v\u1edbi b\u1ed9 ph\u1eadn h\u1ed7 tr\u1ee3 c\u1ee7a Dell<\/h2>\n            <hr>\n        <\/div>\n        <div class=\"list-steps\">\n            <div class=\"panel-item\">\n                <div class=\"steps-item\">\n                    <div class=\"item-content\">\n                        <div class=\"content-top\">\n                            <h4><b>G\u1ecdi T\u1ed5ng \u0110\u00e0i:<\/b> 1800 4851<\/h4>\n                        <\/div>\n                        <ul class=\"content-main\">\n                            <li>L\u1eddi ch\u00e0o!<\/li>\n                            <li>Nh\u1ea5n ph\u00edm 9 n\u1ebfu b\u1ea1n mu\u1ed1n n\u00f3i ti\u1ebfng Anh.<\/li>\n                        <\/ul>\n                    <\/div>\n                    <div class=\"item-number\">1<\/div>\n                <\/div>\n            <\/div>\n            <div class=\"panel-item\">\n                <div class=\"steps-item\" style=\"margin-top:100px\">\n                    <div class=\"item-content\">\n                        <div class=\"content-top\">\n                            <h4><b>Y\u00eau c\u1ea7u Solution ID<\/b><\/h4>\n                        <\/div>\n                        <ul class=\"content-main\">\n                            <li>N\u1ebfu c\u00f3 7 k\u00fd t\u1ef1 c\u1ee7a s\u1ed1 n\u00e1y n\u1ed9i b\u1ed9 ho\u1eb7c s\u1ed1 gi\u1ea3i ph\u00e1p h\u00e3y nh\u1ea5n ph\u00edm #<\/li>\n                            <li>N\u1ebfu c\u1ea7n h\u1ed7 tr\u1ee3 v\u1ec1 k\u1ef9 thu\u1eadt vui l\u00f2ng n\u00f3i: \u201cY\u00eau c\u1ea7u h\u1ed7 tr\u1ee3 k\u1ef9 thu\u1eadt\u201d<\/li>\n                        <\/ul>\n                    <\/div>\n                    <div class=\"item-number\">2<\/div>\n                <\/div>\n            <\/div>\n            <div class=\"panel-item\">\n                <div class=\"steps-item\" style=\"margin-top:-25px\">\n                    <div class=\"item-content\">\n                        <div class=\"content-top\">\n                            <h4><b>N\u00f3i y\u00eau c\u1ea7u c\u1ea7n h\u1ed7 tr\u1ee3<\/b><\/h4>\n                        <\/div>\n                        <ul class=\"content-main\">\n                            <li>M\u00e1y t\u00ednh \u0111\u1ec3 b\u00e0n, m\u00e1y t\u00ednh x\u00e1ch tay<\/li>\n                            <li>Thi\u1ebft b\u1ecb l\u01b0u tr\u1eef v\u00e0 b\u1ea3o m\u1eadt Dell<\/li>\n                            <li>M\u00e1y ch\u1ee7 v\u00e0 thi\u1ebft b\u1ecb m\u1ea1ng.<\/li>\n                            <li>Nh\u1eefng s\u1ea3n ph\u1ea9m kh\u00e1c<\/li>\n                        <\/ul>\n                    <\/div>\n                    <div class=\"item-number\">3<\/div>\n                <\/div>\n            <\/div>\n            <div class=\"panel-item\">\n                <div class=\"steps-item\" style=\"margin-top:75px\">\n                    <div class=\"item-content\">\n                        <div class=\"content-top\">\n                            <h4><b>Locate Express Service Code<\/b><\/h4>\n                        <\/div>\n                        <ul class=\"content-main\">\n                            <li>G\u1ed3m d\u00e3y s\u1ed1 n\u1eb1m \u1edf \u0111\u00e1y ho\u1eb7c m\u1eb7t b\u00ean c\u1ee7a s\u1ea3n ph\u1ea9m<\/li>\n                            <li>Nh\u1ea5n s\u1ed1 ho\u1eb7c nh\u1eadp s\u1ed1 v\u00e0o \u0111i\u1ec7n tho\u1ea1i.<\/li>\n                            <li>Dell s\u1ebd chuy\u1ec3n \u0111\u1ebfn nh\u00e2n vi\u00ean h\u1ed7 tr\u1ee3.<\/li>\n                        <\/ul>\n                    <\/div>\n                    <div class=\"item-number\">4<\/div>\n                <\/div>\n            <\/div>\n        <\/div>\n    <\/div>\n<\/div>\n<script>\n    jQuery(function($){\n        var location = window.location.href;\n        if(location.indexOf(\"\/vi\/\") != -1){\n            var html = '<video id=\"vidHD\" controls><source src=\"\/wp-content\/uploads\/2024\/05\/HUONG-DAN-TIENG-VIET.mp4\" type=\"video\/mp4\">Your browser does not support HTML video.<\/video>';\n            $(\".div-video2\").html(html);\n        }\n    })\n<\/script>\t\t<\/div>\n\t\t\t\t<\/div>\n\t\t\t\t<\/div>\n\t\t\t\t<\/div>","protected":false},"excerpt":{"rendered":"<p>On-site Warranty For busy customers facing Dell product issues, on-site warranty service offers a convenient solution. Technicians come directly to you, saving you the hassle of a service center visit. Please prepare the following information before calling Dell Support Center 1 Product name 2 Express Service Code 3 Service Tag Your browser does not support [&hellip;]<\/p>","protected":false},"author":1,"featured_media":0,"parent":0,"menu_order":0,"comment_status":"closed","ping_status":"closed","template":"","meta":{"footnotes":""},"class_list":["post-874","page","type-page","status-publish","hentry"],"_links":{"self":[{"href":"https:\/\/www.digiprovn.vn\/vi\/wp-json\/wp\/v2\/pages\/874","targetHints":{"allow":["GET"]}}],"collection":[{"href":"https:\/\/www.digiprovn.vn\/vi\/wp-json\/wp\/v2\/pages"}],"about":[{"href":"https:\/\/www.digiprovn.vn\/vi\/wp-json\/wp\/v2\/types\/page"}],"author":[{"embeddable":true,"href":"https:\/\/www.digiprovn.vn\/vi\/wp-json\/wp\/v2\/users\/1"}],"replies":[{"embeddable":true,"href":"https:\/\/www.digiprovn.vn\/vi\/wp-json\/wp\/v2\/comments?post=874"}],"version-history":[{"count":170,"href":"https:\/\/www.digiprovn.vn\/vi\/wp-json\/wp\/v2\/pages\/874\/revisions"}],"predecessor-version":[{"id":3048,"href":"https:\/\/www.digiprovn.vn\/vi\/wp-json\/wp\/v2\/pages\/874\/revisions\/3048"}],"wp:attachment":[{"href":"https:\/\/www.digiprovn.vn\/vi\/wp-json\/wp\/v2\/media?parent=874"}],"curies":[{"name":"wp","href":"https:\/\/api.w.org\/{rel}","templated":true}]}}